{"id":95,"date":"2015-05-13T09:23:43","date_gmt":"2015-05-13T09:23:43","guid":{"rendered":"http:\/\/www.cssigniter.com\/vip\/mykonos\/?page_id=95"},"modified":"2026-02-10T09:39:12","modified_gmt":"2026-02-10T08:39:12","slug":"servizi","status":"publish","type":"page","link":"https:\/\/albergo-bellavista.it\/en\/servizi\/","title":{"rendered":"Services"},"content":{"rendered":"<p><img loading=\"lazy\" decoding=\"async\" class=\"aligncenter wp-image-1541 size-medium\" src=\"https:\/\/albergo-bellavista.it\/wp-content\/uploads\/2016\/03\/Saladapranzo_nuovameseenplace_2024-1-300x135.jpg\" alt=\"\" width=\"300\" height=\"135\" srcset=\"https:\/\/albergo-bellavista.it\/wp-content\/uploads\/2016\/03\/Saladapranzo_nuovameseenplace_2024-1-300x135.jpg 300w, https:\/\/albergo-bellavista.it\/wp-content\/uploads\/2016\/03\/Saladapranzo_nuovameseenplace_2024-1-1024x461.jpg 1024w, https:\/\/albergo-bellavista.it\/wp-content\/uploads\/2016\/03\/Saladapranzo_nuovameseenplace_2024-1-768x346.jpg 768w, https:\/\/albergo-bellavista.it\/wp-content\/uploads\/2016\/03\/Saladapranzo_nuovameseenplace_2024-1-1536x692.jpg 1536w, https:\/\/albergo-bellavista.it\/wp-content\/uploads\/2016\/03\/Saladapranzo_nuovameseenplace_2024-1-2048x922.jpg 2048w\" sizes=\"auto, (max-width: 300px) 100vw, 300px\" \/>The <strong>Bellavista Meubl\u00e9 Hotel<\/strong> in <strong>Monte Isola<\/strong> is property of the <strong>Archini family<\/strong> and is located in Siviano, medieval administrative town of Monte Isola, 150 metres above the lake.<\/p>\n<p>The Hotel provides a homely service, offering its guests cordiality and a hospitable welcome. Its faithful clientele and the staff\u2019s professionalism guarantee an unforgettable holiday in <strong>Monte Isola<\/strong>.The Hotel has 7 bedrooms with private bathroom and some of them offer a lake view; guests may also use the <strong><a href=\"\/gallery\/il-terrazzo-solarium\/\" target=\"_blank\" rel=\"noopener noreferrer\">solarium<\/a><\/strong> and the terrace enjoying a panoramic view of the village of Siviano, of the beaches below the hotel, seeing the Holy Virgin sanctuary, the castle and the lake.<\/p>\n<ul>\n<li><span style=\"color: #0000ff;\"><strong>T<a href=\"https:\/\/albergo-bellavista.it\/gallery\/colazioni\/\">he Breakfast<\/a><\/strong><\/span>.<\/li>\n<li><strong>Starting this year, breakfast is no longer included in the room rate. However, guests can still enjoy the in-house bar service in a welcoming, air-conditioned environment, with a charming room dedicated to guests, where a light breakfast can be served on request, at an additional cost to the price of the stay. For those who love the peace and quiet of the outdoors, our flower-filled garden is the ideal place to enjoy breakfast in a serene and charming atmosphere.<\/strong><\/li>\n<\/ul>\n<p><strong>The <a href=\"\/gallery\/il-taxi\/\" target=\"_blank\" rel=\"noopener noreferrer\">taxi service<\/a>,\u00a0from the hotel costs \u20ac6.00 per room, both for arrival and departure. <\/strong>. <strong>Bellavista Hotel<\/strong> has some special agreement with some high quality restaurants in <strong>Monte Isola<\/strong> where you may taste typical dishes and food, our <strong>salami<\/strong>, <strong>oil<\/strong>, <strong>sardines<\/strong>, <strong>the lake fish of the day<\/strong>, caught by the fishers of Iseo Lake, some <strong>meat dishes<\/strong>, livestock breaded by the farmers of Monte Isola and several products of our beautiful land.<\/p>\n<p>The<strong> <a href=\"\/gallery\/la-terrazza\/\">equipped terrace<\/a><\/strong>, on the first floor, offers a comfortable space to relax and read. On the ground fllor, a beautiful <strong><a href=\"\/gallery\/giardino\/\" target=\"_blank\" rel=\"noopener noreferrer\">blooming garden<\/a><\/strong> allow a nice breakfast time, lecture and relax.<\/p>\n<p>We are equipping a small <strong><a href=\"\/gallery\/il-barbecue\/\">barbecue area<\/a><\/strong>, where our guests may enjoy cooking local food.<\/p>\n<p>The Bellavista Meubl\u00e8 Hotel collaborates with <strong>Bertelli and Guizzetti bicycle rentals in Peschiera Maraglio<\/strong>.<\/p>\n<p>Pets are not allowed even if small. The staff love animals very much, but our decision is due to avoid complaints and discussions with guests.<\/p>\n<ul>\n<li><strong>For further information, please contact the hotel directly.<\/strong><\/li>\n<\/ul>\n<h4><em><strong><span style=\"color: #0000ff;\"><img loading=\"lazy\" decoding=\"async\" class=\"aligncenter size-full wp-image-1213\" src=\"https:\/\/albergo-bellavista.it\/wp-content\/uploads\/2021\/06\/non-si-accettano-animali.jpg\" alt=\"no dog\" width=\"90\" height=\"90\" \/><\/span><\/strong><\/em><\/h4>\n<p><\/p>","protected":false},"excerpt":{"rendered":"<p>The Bellavista Meubl\u00e9 Hotel in Monte Isola is property of the Archini family and is located in Siviano, medieval administrative town of Monte Isola, 150 metres above the lake. The Hotel provides a homely service, offering its guests cordiality and a hospitable welcome. Its faithful clientele and the staff\u2019s professionalism[&#8230;]<\/p>\n","protected":false},"author":1,"featured_media":1773,"parent":0,"menu_order":0,"comment_status":"open","ping_status":"open","template":"template-fullwidth.php","meta":{"footnotes":""},"class_list":["post-95","page","type-page","status-publish","has-post-thumbnail","hentry"],"yoast_head":"<!-- This site is optimized with the Yoast SEO plugin v26.9 - https:\/\/yoast.com\/product\/yoast-seo-wordpress\/ -->\n<title>Services &#8212; Albergo Bellavista<\/title>\n<meta name=\"description\" content=\"L\u2019Hotel Meubl\u00e9 Bellavista, di propriet\u00e0 della famiglia Archini, \u00e8 situato a Siviano, Capoluogo Medievale di Monteisola e sorge a 150 metri dal lago.\" \/>\n<meta name=\"robots\" content=\"index, follow, max-snippet:-1, max-image-preview:large, max-video-preview:-1\" \/>\n<link rel=\"canonical\" href=\"https:\/\/albergo-bellavista.it\/servizi\/\" \/>\n<meta property=\"og:locale\" content=\"en_US\" \/>\n<meta property=\"og:type\" content=\"article\" \/>\n<meta property=\"og:title\" content=\"[:it]Servizi[:en]Services[:] &#8212; Albergo Bellavista\" \/>\n<meta property=\"og:description\" content=\"L\u2019Hotel Meubl\u00e9 Bellavista, di propriet\u00e0 della famiglia Archini, \u00e8 situato a Siviano, Capoluogo Medievale di Monteisola e sorge a 150 metri dal lago.\" \/>\n<meta property=\"og:url\" content=\"https:\/\/albergo-bellavista.it\/servizi\/\" \/>\n<meta property=\"og:site_name\" content=\"Albergo Bellavista\" \/>\n<meta property=\"article:publisher\" content=\"https:\/\/www.facebook.com\/Hotel-Meuble-Bellavista-155442444832526\/\" \/>\n<meta property=\"article:modified_time\" content=\"2026-02-10T08:39:12+00:00\" \/>\n<meta property=\"og:image\" content=\"https:\/\/albergo-bellavista.it\/wp-content\/uploads\/2016\/04\/20250811_084801-scaled.jpg\" \/>\n\t<meta property=\"og:image:width\" content=\"2560\" \/>\n\t<meta property=\"og:image:height\" content=\"1153\" \/>\n\t<meta property=\"og:image:type\" content=\"image\/jpeg\" \/>\n<meta name=\"twitter:card\" content=\"summary_large_image\" \/>\n<meta name=\"twitter:label1\" content=\"Est. reading time\" \/>\n\t<meta name=\"twitter:data1\" content=\"3 minutes\" \/>\n<script type=\"application\/ld+json\" class=\"yoast-schema-graph\">{\"@context\":\"https:\/\/schema.org\",\"@graph\":[{\"@type\":\"WebPage\",\"@id\":\"https:\/\/albergo-bellavista.it\/servizi\/\",\"url\":\"https:\/\/albergo-bellavista.it\/servizi\/\",\"name\":\"[:it]Servizi[:en]Services[:] &#8212; Albergo Bellavista\",\"isPartOf\":{\"@id\":\"https:\/\/albergo-bellavista.it\/#website\"},\"primaryImageOfPage\":{\"@id\":\"https:\/\/albergo-bellavista.it\/servizi\/#primaryimage\"},\"image\":{\"@id\":\"https:\/\/albergo-bellavista.it\/servizi\/#primaryimage\"},\"thumbnailUrl\":\"https:\/\/albergo-bellavista.it\/wp-content\/uploads\/2016\/04\/20250811_084801-scaled.jpg\",\"datePublished\":\"2015-05-13T09:23:43+00:00\",\"dateModified\":\"2026-02-10T08:39:12+00:00\",\"description\":\"L\u2019Hotel Meubl\u00e9 Bellavista, di propriet\u00e0 della famiglia Archini, \u00e8 situato a Siviano, Capoluogo Medievale di Monteisola e sorge a 150 metri dal lago.\",\"breadcrumb\":{\"@id\":\"https:\/\/albergo-bellavista.it\/servizi\/#breadcrumb\"},\"inLanguage\":\"en-US\",\"potentialAction\":[{\"@type\":\"ReadAction\",\"target\":[\"https:\/\/albergo-bellavista.it\/servizi\/\"]}]},{\"@type\":\"ImageObject\",\"inLanguage\":\"en-US\",\"@id\":\"https:\/\/albergo-bellavista.it\/servizi\/#primaryimage\",\"url\":\"https:\/\/albergo-bellavista.it\/wp-content\/uploads\/2016\/04\/20250811_084801-scaled.jpg\",\"contentUrl\":\"https:\/\/albergo-bellavista.it\/wp-content\/uploads\/2016\/04\/20250811_084801-scaled.jpg\",\"width\":2560,\"height\":1153},{\"@type\":\"BreadcrumbList\",\"@id\":\"https:\/\/albergo-bellavista.it\/servizi\/#breadcrumb\",\"itemListElement\":[{\"@type\":\"ListItem\",\"position\":1,\"name\":\"Home\",\"item\":\"https:\/\/albergo-bellavista.it\/\"},{\"@type\":\"ListItem\",\"position\":2,\"name\":\"Servizi\"}]},{\"@type\":\"WebSite\",\"@id\":\"https:\/\/albergo-bellavista.it\/#website\",\"url\":\"https:\/\/albergo-bellavista.it\/\",\"name\":\"Albergo Bellavista\",\"description\":\"\",\"potentialAction\":[{\"@type\":\"SearchAction\",\"target\":{\"@type\":\"EntryPoint\",\"urlTemplate\":\"https:\/\/albergo-bellavista.it\/?s={search_term_string}\"},\"query-input\":{\"@type\":\"PropertyValueSpecification\",\"valueRequired\":true,\"valueName\":\"search_term_string\"}}],\"inLanguage\":\"en-US\"}]}<\/script>\n<!-- \/ Yoast SEO plugin. -->","yoast_head_json":{"title":"[:it]Servizi[:en]Services[:] &#8212; Albergo Bellavista","description":"L\u2019Hotel Meubl\u00e9 Bellavista, di propriet\u00e0 della famiglia Archini, \u00e8 situato a Siviano, Capoluogo Medievale di Monteisola e sorge a 150 metri dal lago.","robots":{"index":"index","follow":"follow","max-snippet":"max-snippet:-1","max-image-preview":"max-image-preview:large","max-video-preview":"max-video-preview:-1"},"canonical":"https:\/\/albergo-bellavista.it\/servizi\/","og_locale":"en_US","og_type":"article","og_title":"[:it]Servizi[:en]Services[:] &#8212; Albergo Bellavista","og_description":"L\u2019Hotel Meubl\u00e9 Bellavista, di propriet\u00e0 della famiglia Archini, \u00e8 situato a Siviano, Capoluogo Medievale di Monteisola e sorge a 150 metri dal lago.","og_url":"https:\/\/albergo-bellavista.it\/servizi\/","og_site_name":"Albergo Bellavista","article_publisher":"https:\/\/www.facebook.com\/Hotel-Meuble-Bellavista-155442444832526\/","article_modified_time":"2026-02-10T08:39:12+00:00","og_image":[{"width":2560,"height":1153,"url":"https:\/\/albergo-bellavista.it\/wp-content\/uploads\/2016\/04\/20250811_084801-scaled.jpg","type":"image\/jpeg"}],"twitter_card":"summary_large_image","twitter_misc":{"Est. reading time":"3 minutes"},"schema":{"@context":"https:\/\/schema.org","@graph":[{"@type":"WebPage","@id":"https:\/\/albergo-bellavista.it\/servizi\/","url":"https:\/\/albergo-bellavista.it\/servizi\/","name":"[:it]Servizi[:en]Services[:] &#8212; Albergo Bellavista","isPartOf":{"@id":"https:\/\/albergo-bellavista.it\/#website"},"primaryImageOfPage":{"@id":"https:\/\/albergo-bellavista.it\/servizi\/#primaryimage"},"image":{"@id":"https:\/\/albergo-bellavista.it\/servizi\/#primaryimage"},"thumbnailUrl":"https:\/\/albergo-bellavista.it\/wp-content\/uploads\/2016\/04\/20250811_084801-scaled.jpg","datePublished":"2015-05-13T09:23:43+00:00","dateModified":"2026-02-10T08:39:12+00:00","description":"L\u2019Hotel Meubl\u00e9 Bellavista, di propriet\u00e0 della famiglia Archini, \u00e8 situato a Siviano, Capoluogo Medievale di Monteisola e sorge a 150 metri dal lago.","breadcrumb":{"@id":"https:\/\/albergo-bellavista.it\/servizi\/#breadcrumb"},"inLanguage":"en-US","potentialAction":[{"@type":"ReadAction","target":["https:\/\/albergo-bellavista.it\/servizi\/"]}]},{"@type":"ImageObject","inLanguage":"en-US","@id":"https:\/\/albergo-bellavista.it\/servizi\/#primaryimage","url":"https:\/\/albergo-bellavista.it\/wp-content\/uploads\/2016\/04\/20250811_084801-scaled.jpg","contentUrl":"https:\/\/albergo-bellavista.it\/wp-content\/uploads\/2016\/04\/20250811_084801-scaled.jpg","width":2560,"height":1153},{"@type":"BreadcrumbList","@id":"https:\/\/albergo-bellavista.it\/servizi\/#breadcrumb","itemListElement":[{"@type":"ListItem","position":1,"name":"Home","item":"https:\/\/albergo-bellavista.it\/"},{"@type":"ListItem","position":2,"name":"Servizi"}]},{"@type":"WebSite","@id":"https:\/\/albergo-bellavista.it\/#website","url":"https:\/\/albergo-bellavista.it\/","name":"Albergo Bellavista","description":"","potentialAction":[{"@type":"SearchAction","target":{"@type":"EntryPoint","urlTemplate":"https:\/\/albergo-bellavista.it\/?s={search_term_string}"},"query-input":{"@type":"PropertyValueSpecification","valueRequired":true,"valueName":"search_term_string"}}],"inLanguage":"en-US"}]}},"_links":{"self":[{"href":"https:\/\/albergo-bellavista.it\/en\/wp-json\/wp\/v2\/pages\/95","targetHints":{"allow":["GET"]}}],"collection":[{"href":"https:\/\/albergo-bellavista.it\/en\/wp-json\/wp\/v2\/pages"}],"about":[{"href":"https:\/\/albergo-bellavista.it\/en\/wp-json\/wp\/v2\/types\/page"}],"author":[{"embeddable":true,"href":"https:\/\/albergo-bellavista.it\/en\/wp-json\/wp\/v2\/users\/1"}],"replies":[{"embeddable":true,"href":"https:\/\/albergo-bellavista.it\/en\/wp-json\/wp\/v2\/comments?post=95"}],"version-history":[{"count":73,"href":"https:\/\/albergo-bellavista.it\/en\/wp-json\/wp\/v2\/pages\/95\/revisions"}],"predecessor-version":[{"id":1839,"href":"https:\/\/albergo-bellavista.it\/en\/wp-json\/wp\/v2\/pages\/95\/revisions\/1839"}],"wp:featuredmedia":[{"embeddable":true,"href":"https:\/\/albergo-bellavista.it\/en\/wp-json\/wp\/v2\/media\/1773"}],"wp:attachment":[{"href":"https:\/\/albergo-bellavista.it\/en\/wp-json\/wp\/v2\/media?parent=95"}],"curies":[{"name":"wp","href":"https:\/\/api.w.org\/{rel}","templated":true}]}}